{"id":10,"date":"2018-12-22T06:56:40","date_gmt":"2018-12-22T06:56:40","guid":{"rendered":"https:\/\/hotel-windeck.de\/?page_id=10"},"modified":"2020-09-23T09:43:07","modified_gmt":"2020-09-23T09:43:07","slug":"unsere-zimmer","status":"publish","type":"page","link":"https:\/\/hotel-windeck.de\/?page_id=10","title":{"rendered":"Unsere Zimmer"},"content":{"rendered":"\t\t<div data-elementor-type=\"wp-post\" data-elementor-id=\"10\" class=\"elementor elementor-10\">\n\t\t\t\t\t\t<section class=\"elementor-section elementor-top-section elementor-element elementor-element-7e4f7bf elementor-section-boxed elementor-section-height-default elementor-section-height-default\" data-id=\"7e4f7bf\" data-element_type=\"section\">\n\t\t\t\t\t\t<div class=\"elementor-container elementor-column-gap-default\">\n\t\t\t\t\t<div class=\"elementor-column elementor-col-100 elementor-top-column elementor-element elementor-element-78007fc\" data-id=\"78007fc\" data-element_type=\"column\">\n\t\t\t<div class=\"elementor-widget-wrap elementor-element-populated\">\n\t\t\t\t\t\t<div class=\"elementor-element elementor-element-fb744a8 elementor-widget elementor-widget-text-editor\" data-id=\"fb744a8\" data-element_type=\"widget\" data-widget_type=\"text-editor.default\">\n\t\t\t\t<div class=\"elementor-widget-container\">\n\t\t\t\t\t\t\t\t\t<p><span style=\"font-size: 36pt;\">Unsere\u00a0 Zimmer<\/span><\/p>\t\t\t\t\t\t\t\t<\/div>\n\t\t\t\t<\/div>\n\t\t\t\t\t<\/div>\n\t\t<\/div>\n\t\t\t\t\t<\/div>\n\t\t<\/section>\n\t\t\t\t<section class=\"elementor-section elementor-top-section elementor-element elementor-element-0ceb85d elementor-section-boxed elementor-section-height-default elementor-section-height-default elementor-invisible\" data-id=\"0ceb85d\" data-element_type=\"section\" data-settings=\"{&quot;animation&quot;:&quot;fadeInLeft&quot;}\">\n\t\t\t\t\t\t<div class=\"elementor-container elementor-column-gap-default\">\n\t\t\t\t\t<div class=\"elementor-column elementor-col-50 elementor-top-column elementor-element elementor-element-4fc5071\" data-id=\"4fc5071\" data-element_type=\"column\" data-settings=\"{&quot;background_background&quot;:&quot;classic&quot;}\">\n\t\t\t<div class=\"elementor-widget-wrap elementor-element-populated\">\n\t\t\t\t\t\t<div class=\"elementor-element elementor-element-35295ac elementor-view-default elementor-widget elementor-widget-icon\" data-id=\"35295ac\" data-element_type=\"widget\" data-widget_type=\"icon.default\">\n\t\t\t\t<div class=\"elementor-widget-container\">\n\t\t\t\t\t\t\t<div class=\"elementor-icon-wrapper\">\n\t\t\t<div class=\"elementor-icon\">\n\t\t\t<i aria-hidden=\"true\" class=\"fas fa-wifi\"><\/i>\t\t\t<\/div>\n\t\t<\/div>\n\t\t\t\t\t\t<\/div>\n\t\t\t\t<\/div>\n\t\t\t\t\t<\/div>\n\t\t<\/div>\n\t\t\t\t<div class=\"elementor-column elementor-col-50 elementor-top-column elementor-element elementor-element-50aeff0\" data-id=\"50aeff0\" data-element_type=\"column\" data-settings=\"{&quot;background_background&quot;:&quot;classic&quot;}\">\n\t\t\t<div class=\"elementor-widget-wrap elementor-element-populated\">\n\t\t\t\t\t\t<div class=\"elementor-element elementor-element-6d0db5b elementor-widget elementor-widget-text-editor\" data-id=\"6d0db5b\" data-element_type=\"widget\" data-widget_type=\"text-editor.default\">\n\t\t\t\t<div class=\"elementor-widget-container\">\n\t\t\t\t\t\t\t\t\t<p>Alle unsere Zimmer und Appartments sind mit kostenlosem W-LAN ausgestattet.<\/p>\t\t\t\t\t\t\t\t<\/div>\n\t\t\t\t<\/div>\n\t\t\t\t\t<\/div>\n\t\t<\/div>\n\t\t\t\t\t<\/div>\n\t\t<\/section>\n\t\t\t\t<section class=\"elementor-section elementor-top-section elementor-element elementor-element-7db0855 elementor-section-boxed elementor-section-height-default elementor-section-height-default elementor-invisible\" data-id=\"7db0855\" data-element_type=\"section\" data-settings=\"{&quot;animation&quot;:&quot;fadeInRight&quot;}\">\n\t\t\t\t\t\t<div class=\"elementor-container elementor-column-gap-default\">\n\t\t\t\t\t<div class=\"elementor-column elementor-col-50 elementor-top-column elementor-element elementor-element-f3a59e5\" data-id=\"f3a59e5\" data-element_type=\"column\" data-settings=\"{&quot;background_background&quot;:&quot;classic&quot;}\">\n\t\t\t<div class=\"elementor-widget-wrap elementor-element-populated\">\n\t\t\t\t\t\t<div class=\"elementor-element elementor-element-ee5a783 elementor-view-default elementor-widget elementor-widget-icon\" data-id=\"ee5a783\" data-element_type=\"widget\" data-widget_type=\"icon.default\">\n\t\t\t\t<div class=\"elementor-widget-container\">\n\t\t\t\t\t\t\t<div class=\"elementor-icon-wrapper\">\n\t\t\t<div class=\"elementor-icon\">\n\t\t\t<i aria-hidden=\"true\" class=\"fas fa-bath\"><\/i>\t\t\t<\/div>\n\t\t<\/div>\n\t\t\t\t\t\t<\/div>\n\t\t\t\t<\/div>\n\t\t\t\t\t<\/div>\n\t\t<\/div>\n\t\t\t\t<div class=\"elementor-column elementor-col-50 elementor-top-column elementor-element elementor-element-09c46bd\" data-id=\"09c46bd\" data-element_type=\"column\" data-settings=\"{&quot;background_background&quot;:&quot;classic&quot;}\">\n\t\t\t<div class=\"elementor-widget-wrap elementor-element-populated\">\n\t\t\t\t\t\t<div class=\"elementor-element elementor-element-139d793 elementor-widget elementor-widget-text-editor\" data-id=\"139d793\" data-element_type=\"widget\" data-widget_type=\"text-editor.default\">\n\t\t\t\t<div class=\"elementor-widget-container\">\n\t\t\t\t\t\t\t\t\t<p>Jedes Zimmer im Hotel-Restaurant Windeck hat ein eigenes Bad inkl. F\u00f6n.<\/p>\t\t\t\t\t\t\t\t<\/div>\n\t\t\t\t<\/div>\n\t\t\t\t\t<\/div>\n\t\t<\/div>\n\t\t\t\t\t<\/div>\n\t\t<\/section>\n\t\t\t\t<section class=\"elementor-section elementor-top-section elementor-element elementor-element-96439c5 elementor-section-boxed elementor-section-height-default elementor-section-height-default elementor-invisible\" data-id=\"96439c5\" data-element_type=\"section\" data-settings=\"{&quot;animation&quot;:&quot;fadeInLeft&quot;}\">\n\t\t\t\t\t\t<div class=\"elementor-container elementor-column-gap-default\">\n\t\t\t\t\t<div class=\"elementor-column elementor-col-50 elementor-top-column elementor-element elementor-element-4d96140\" data-id=\"4d96140\" data-element_type=\"column\" data-settings=\"{&quot;background_background&quot;:&quot;classic&quot;}\">\n\t\t\t<div class=\"elementor-widget-wrap elementor-element-populated\">\n\t\t\t\t\t\t<div class=\"elementor-element elementor-element-a651806 elementor-view-default elementor-widget elementor-widget-icon\" data-id=\"a651806\" data-element_type=\"widget\" data-widget_type=\"icon.default\">\n\t\t\t\t<div class=\"elementor-widget-container\">\n\t\t\t\t\t\t\t<div class=\"elementor-icon-wrapper\">\n\t\t\t<div class=\"elementor-icon\">\n\t\t\t<i aria-hidden=\"true\" class=\"fas fa-tv\"><\/i>\t\t\t<\/div>\n\t\t<\/div>\n\t\t\t\t\t\t<\/div>\n\t\t\t\t<\/div>\n\t\t\t\t\t<\/div>\n\t\t<\/div>\n\t\t\t\t<div class=\"elementor-column elementor-col-50 elementor-top-column elementor-element elementor-element-6312208\" data-id=\"6312208\" data-element_type=\"column\" data-settings=\"{&quot;background_background&quot;:&quot;classic&quot;}\">\n\t\t\t<div class=\"elementor-widget-wrap elementor-element-populated\">\n\t\t\t\t\t\t<div class=\"elementor-element elementor-element-81d0b03 elementor-widget elementor-widget-text-editor\" data-id=\"81d0b03\" data-element_type=\"widget\" data-widget_type=\"text-editor.default\">\n\t\t\t\t<div class=\"elementor-widget-container\">\n\t\t\t\t\t\t\t\t\t<p>Egal ob Appartment oder Hotelzimmer. Satelitten-TV ist bei uns Standard.<\/p>\t\t\t\t\t\t\t\t<\/div>\n\t\t\t\t<\/div>\n\t\t\t\t\t<\/div>\n\t\t<\/div>\n\t\t\t\t\t<\/div>\n\t\t<\/section>\n\t\t\t\t<section class=\"elementor-section elementor-top-section elementor-element elementor-element-5889767 elementor-section-boxed elementor-section-height-default elementor-section-height-default elementor-invisible\" data-id=\"5889767\" data-element_type=\"section\" data-settings=\"{&quot;background_background&quot;:&quot;classic&quot;,&quot;animation&quot;:&quot;fadeInRight&quot;}\">\n\t\t\t\t\t\t<div class=\"elementor-container elementor-column-gap-default\">\n\t\t\t\t\t<div class=\"elementor-column elementor-col-50 elementor-top-column elementor-element elementor-element-7a08bbb\" data-id=\"7a08bbb\" data-element_type=\"column\" data-settings=\"{&quot;background_background&quot;:&quot;classic&quot;}\">\n\t\t\t<div class=\"elementor-widget-wrap elementor-element-populated\">\n\t\t\t\t\t\t<div class=\"elementor-element elementor-element-ddad752 elementor-view-default elementor-widget elementor-widget-icon\" data-id=\"ddad752\" data-element_type=\"widget\" data-widget_type=\"icon.default\">\n\t\t\t\t<div class=\"elementor-widget-container\">\n\t\t\t\t\t\t\t<div class=\"elementor-icon-wrapper\">\n\t\t\t<div class=\"elementor-icon\">\n\t\t\t<i aria-hidden=\"true\" class=\"fas fa-car\"><\/i>\t\t\t<\/div>\n\t\t<\/div>\n\t\t\t\t\t\t<\/div>\n\t\t\t\t<\/div>\n\t\t\t\t\t<\/div>\n\t\t<\/div>\n\t\t\t\t<div class=\"elementor-column elementor-col-50 elementor-top-column elementor-element elementor-element-3f2dcba\" data-id=\"3f2dcba\" data-element_type=\"column\" data-settings=\"{&quot;background_background&quot;:&quot;classic&quot;}\">\n\t\t\t<div class=\"elementor-widget-wrap elementor-element-populated\">\n\t\t\t\t\t\t<div class=\"elementor-element elementor-element-48d89d2 elementor-widget elementor-widget-text-editor\" data-id=\"48d89d2\" data-element_type=\"widget\" data-widget_type=\"text-editor.default\">\n\t\t\t\t<div class=\"elementor-widget-container\">\n\t\t\t\t\t\t\t\t\t<p>Parken Sie Ihr Auto oder Reisemobil direkt an unserem Haus.<\/p>\t\t\t\t\t\t\t\t<\/div>\n\t\t\t\t<\/div>\n\t\t\t\t\t<\/div>\n\t\t<\/div>\n\t\t\t\t\t<\/div>\n\t\t<\/section>\n\t\t\t\t<section class=\"elementor-section elementor-top-section elementor-element elementor-element-5be73f8 elementor-section-boxed elementor-section-height-default elementor-section-height-default\" data-id=\"5be73f8\" data-element_type=\"section\">\n\t\t\t\t\t\t<div class=\"elementor-container elementor-column-gap-default\">\n\t\t\t\t\t<div class=\"elementor-column elementor-col-100 elementor-top-column elementor-element elementor-element-3250398\" data-id=\"3250398\" data-element_type=\"column\">\n\t\t\t<div class=\"elementor-widget-wrap elementor-element-populated\">\n\t\t\t\t\t\t<div class=\"elementor-element elementor-element-a99a84b elementor-widget-divider--view-line elementor-widget elementor-widget-divider\" data-id=\"a99a84b\" data-element_type=\"widget\" data-widget_type=\"divider.default\">\n\t\t\t\t<div class=\"elementor-widget-container\">\n\t\t\t\t\t\t\t<div class=\"elementor-divider\">\n\t\t\t<span class=\"elementor-divider-separator\">\n\t\t\t\t\t\t<\/span>\n\t\t<\/div>\n\t\t\t\t\t\t<\/div>\n\t\t\t\t<\/div>\n\t\t\t\t\t<\/div>\n\t\t<\/div>\n\t\t\t\t\t<\/div>\n\t\t<\/section>\n\t\t\t\t<section class=\"elementor-section elementor-top-section elementor-element elementor-element-ff0de1e elementor-section-boxed elementor-section-height-default elementor-section-height-default elementor-invisible\" data-id=\"ff0de1e\" data-element_type=\"section\" data-settings=\"{&quot;animation&quot;:&quot;fadeInUp&quot;}\">\n\t\t\t\t\t\t<div class=\"elementor-container elementor-column-gap-default\">\n\t\t\t\t\t<div class=\"elementor-column elementor-col-100 elementor-top-column elementor-element elementor-element-27ee3f0\" data-id=\"27ee3f0\" data-element_type=\"column\" data-settings=\"{&quot;background_background&quot;:&quot;classic&quot;}\">\n\t\t\t<div class=\"elementor-widget-wrap elementor-element-populated\">\n\t\t\t\t\t\t<div class=\"elementor-element elementor-element-c90d7be elementor-widget elementor-widget-text-editor\" data-id=\"c90d7be\" data-element_type=\"widget\" data-widget_type=\"text-editor.default\">\n\t\t\t\t<div class=\"elementor-widget-container\">\n\t\t\t\t\t\t\t\t\t<p style=\"text-align: center;\"><span style=\"font-size: 36pt; color: #b28b29;\">Einzel-\u00a0 und\u00a0 Doppelzimmer<\/span><\/p>\t\t\t\t\t\t\t\t<\/div>\n\t\t\t\t<\/div>\n\t\t\t\t<div class=\"elementor-element elementor-element-55634ad elementor-widget elementor-widget-text-editor\" data-id=\"55634ad\" data-element_type=\"widget\" data-widget_type=\"text-editor.default\">\n\t\t\t\t<div class=\"elementor-widget-container\">\n\t\t\t\t\t\t\t\t\t<p style=\"text-align: center;\"><span style=\"color: #808080;\">Unser Zimmerservice ist t\u00e4glich f\u00fcr Sie im Einsatz. Wir wollen durch hohe Hygienestandards, dass Sie sich wohl f\u00fchlen. Machen Sie sich selbst ein Bild. <\/span><\/p>\t\t\t\t\t\t\t\t<\/div>\n\t\t\t\t<\/div>\n\t\t\t\t<div class=\"elementor-element elementor-element-02fe5d6 elementor-widget elementor-widget-image-carousel\" data-id=\"02fe5d6\" data-element_type=\"widget\" data-settings=\"{&quot;navigation&quot;:&quot;none&quot;,&quot;autoplay&quot;:&quot;yes&quot;,&quot;pause_on_hover&quot;:&quot;yes&quot;,&quot;pause_on_interaction&quot;:&quot;yes&quot;,&quot;autoplay_speed&quot;:5000,&quot;infinite&quot;:&quot;yes&quot;,&quot;speed&quot;:500}\" data-widget_type=\"image-carousel.default\">\n\t\t\t\t<div class=\"elementor-widget-container\">\n\t\t\t\t\t\t\t<div class=\"elementor-image-carousel-wrapper swiper\" role=\"region\" aria-roledescription=\"carousel\" aria-label=\"Bild Karussell\" dir=\"ltr\">\n\t\t\t<div class=\"elementor-image-carousel swiper-wrapper\" aria-live=\"off\">\n\t\t\t\t\t\t\t\t<div class=\"swiper-slide\" role=\"group\" aria-roledescription=\"slide\" aria-label=\"1 von 7\"><a data-elementor-open-lightbox=\"yes\" data-elementor-lightbox-slideshow=\"02fe5d6\" data-elementor-lightbox-title=\"zim01\" data-e-action-hash=\"#elementor-action%3Aaction%3Dlightbox%26settings%3DeyJpZCI6MzQxLCJ1cmwiOiJodHRwczpcL1wvaG90ZWwtd2luZGVjay5kZVwvd3AtY29udGVudFwvdXBsb2Fkc1wvMjAxOVwvMDFcL3ppbTAxLmpwZyIsInNsaWRlc2hvdyI6IjAyZmU1ZDYifQ%3D%3D\" href=\"https:\/\/hotel-windeck.de\/wp-content\/uploads\/2019\/01\/zim01.jpg\"><figure class=\"swiper-slide-inner\"><img decoding=\"async\" class=\"swiper-slide-image\" src=\"https:\/\/hotel-windeck.de\/wp-content\/uploads\/elementor\/thumbs\/zim01-r8ig2lkwfhn1j6mobafsr0lb1t4fzjoggerpwri8ug.jpg\" alt=\"zim01\" \/><\/figure><\/a><\/div><div class=\"swiper-slide\" role=\"group\" aria-roledescription=\"slide\" aria-label=\"2 von 7\"><a data-elementor-open-lightbox=\"yes\" data-elementor-lightbox-slideshow=\"02fe5d6\" data-elementor-lightbox-title=\"zim01b\" data-e-action-hash=\"#elementor-action%3Aaction%3Dlightbox%26settings%3DeyJpZCI6MzQyLCJ1cmwiOiJodHRwczpcL1wvaG90ZWwtd2luZGVjay5kZVwvd3AtY29udGVudFwvdXBsb2Fkc1wvMjAxOVwvMDFcL3ppbTAxYi5qcGciLCJzbGlkZXNob3ciOiIwMmZlNWQ2In0%3D\" href=\"https:\/\/hotel-windeck.de\/wp-content\/uploads\/2019\/01\/zim01b.jpg\"><figure class=\"swiper-slide-inner\"><img decoding=\"async\" class=\"swiper-slide-image\" src=\"https:\/\/hotel-windeck.de\/wp-content\/uploads\/elementor\/thumbs\/zim01b-r8ig2ngkt5pm6ejy0b91w0488kv6exvx4o2ovbfgi0.jpg\" alt=\"zim01b\" \/><\/figure><\/a><\/div><div class=\"swiper-slide\" role=\"group\" aria-roledescription=\"slide\" aria-label=\"3 von 7\"><a data-elementor-open-lightbox=\"yes\" data-elementor-lightbox-slideshow=\"02fe5d6\" data-elementor-lightbox-title=\"zim02\" data-e-action-hash=\"#elementor-action%3Aaction%3Dlightbox%26settings%3DeyJpZCI6MzQzLCJ1cmwiOiJodHRwczpcL1wvaG90ZWwtd2luZGVjay5kZVwvd3AtY29udGVudFwvdXBsb2Fkc1wvMjAxOVwvMDFcL3ppbTAyLmpwZyIsInNsaWRlc2hvdyI6IjAyZmU1ZDYifQ%3D%3D\" href=\"https:\/\/hotel-windeck.de\/wp-content\/uploads\/2019\/01\/zim02.jpg\"><figure class=\"swiper-slide-inner\"><img decoding=\"async\" class=\"swiper-slide-image\" src=\"https:\/\/hotel-windeck.de\/wp-content\/uploads\/elementor\/thumbs\/zim02-r8ig2oeezzqwi0ikutnoghvotyqjmmzngsq6cle2bs.jpg\" alt=\"zim02\" \/><\/figure><\/a><\/div><div class=\"swiper-slide\" role=\"group\" aria-roledescription=\"slide\" aria-label=\"4 von 7\"><a data-elementor-open-lightbox=\"yes\" data-elementor-lightbox-slideshow=\"02fe5d6\" data-elementor-lightbox-title=\"zim02b\" data-e-action-hash=\"#elementor-action%3Aaction%3Dlightbox%26settings%3DeyJpZCI6MzQ0LCJ1cmwiOiJodHRwczpcL1wvaG90ZWwtd2luZGVjay5kZVwvd3AtY29udGVudFwvdXBsb2Fkc1wvMjAxOVwvMDFcL3ppbTAyYi5qcGciLCJzbGlkZXNob3ciOiIwMmZlNWQ2In0%3D\" href=\"https:\/\/hotel-windeck.de\/wp-content\/uploads\/2019\/01\/zim02b.jpg\"><figure class=\"swiper-slide-inner\"><img decoding=\"async\" class=\"swiper-slide-image\" src=\"https:\/\/hotel-windeck.de\/wp-content\/uploads\/elementor\/thumbs\/zim02b-r8ig2pc96ts6tmh7pc2b0zn5fclwuc3dsxdntvco5k.jpg\" alt=\"zim02b\" \/><\/figure><\/a><\/div><div class=\"swiper-slide\" role=\"group\" aria-roledescription=\"slide\" aria-label=\"5 von 7\"><a data-elementor-open-lightbox=\"yes\" data-elementor-lightbox-slideshow=\"02fe5d6\" data-elementor-lightbox-title=\"zim03\" data-e-action-hash=\"#elementor-action%3Aaction%3Dlightbox%26settings%3DeyJpZCI6MzQ1LCJ1cmwiOiJodHRwczpcL1wvaG90ZWwtd2luZGVjay5kZVwvd3AtY29udGVudFwvdXBsb2Fkc1wvMjAxOVwvMDFcL3ppbTAzLmpwZyIsInNsaWRlc2hvdyI6IjAyZmU1ZDYifQ%3D%3D\" href=\"https:\/\/hotel-windeck.de\/wp-content\/uploads\/2019\/01\/zim03.jpg\"><figure class=\"swiper-slide-inner\"><img decoding=\"async\" class=\"swiper-slide-image\" src=\"https:\/\/hotel-windeck.de\/wp-content\/uploads\/elementor\/thumbs\/zim03-r8ig2r7xkhurguehecvk5z62m4cn9qauh6omsf9vt4.jpg\" alt=\"zim03\" \/><\/figure><\/a><\/div><div class=\"swiper-slide\" role=\"group\" aria-roledescription=\"slide\" aria-label=\"6 von 7\"><a data-elementor-open-lightbox=\"yes\" data-elementor-lightbox-slideshow=\"02fe5d6\" data-elementor-lightbox-title=\"zim04\" data-e-action-hash=\"#elementor-action%3Aaction%3Dlightbox%26settings%3DeyJpZCI6MzQ2LCJ1cmwiOiJodHRwczpcL1wvaG90ZWwtd2luZGVjay5kZVwvd3AtY29udGVudFwvdXBsb2Fkc1wvMjAxOVwvMDFcL3ppbTA0LmpwZyIsInNsaWRlc2hvdyI6IjAyZmU1ZDYifQ%3D%3D\" href=\"https:\/\/hotel-windeck.de\/wp-content\/uploads\/2019\/01\/zim04.jpg\"><figure class=\"swiper-slide-inner\"><img decoding=\"async\" class=\"swiper-slide-image\" src=\"https:\/\/hotel-windeck.de\/wp-content\/uploads\/elementor\/thumbs\/zim04-r8ig2s5rrbw1sgd48va6qgxj7i80hfektbc49p8hmw.jpg\" alt=\"zim04\" \/><\/figure><\/a><\/div><div class=\"swiper-slide\" role=\"group\" aria-roledescription=\"slide\" aria-label=\"7 von 7\"><a data-elementor-open-lightbox=\"yes\" data-elementor-lightbox-slideshow=\"02fe5d6\" data-elementor-lightbox-title=\"zim05\" data-e-action-hash=\"#elementor-action%3Aaction%3Dlightbox%26settings%3DeyJpZCI6MzQ3LCJ1cmwiOiJodHRwczpcL1wvaG90ZWwtd2luZGVjay5kZVwvd3AtY29udGVudFwvdXBsb2Fkc1wvMjAxOVwvMDFcL3ppbTA1LmpwZyIsInNsaWRlc2hvdyI6IjAyZmU1ZDYifQ%3D%3D\" href=\"https:\/\/hotel-windeck.de\/wp-content\/uploads\/2019\/01\/zim05.jpg\"><figure class=\"swiper-slide-inner\"><img decoding=\"async\" class=\"swiper-slide-image\" src=\"https:\/\/hotel-windeck.de\/wp-content\/uploads\/elementor\/thumbs\/zim05-r8ig2u1g4zymfoadxw3fvggge9yqwtm1hkn3895pag.jpg\" alt=\"zim05\" \/><\/figure><\/a><\/div>\t\t\t<\/div>\n\t\t\t\t\t\t\t\n\t\t\t\t\t\t\t\t\t<\/div>\n\t\t\t\t\t\t<\/div>\n\t\t\t\t<\/div>\n\t\t\t\t<div class=\"elementor-element elementor-element-ffbc46c elementor-widget-divider--view-line elementor-widget elementor-widget-divider\" data-id=\"ffbc46c\" data-element_type=\"widget\" data-widget_type=\"divider.default\">\n\t\t\t\t<div class=\"elementor-widget-container\">\n\t\t\t\t\t\t\t<div class=\"elementor-divider\">\n\t\t\t<span class=\"elementor-divider-separator\">\n\t\t\t\t\t\t<\/span>\n\t\t<\/div>\n\t\t\t\t\t\t<\/div>\n\t\t\t\t<\/div>\n\t\t\t\t<div class=\"elementor-element elementor-element-06003d7 elementor-widget elementor-widget-text-editor\" data-id=\"06003d7\" data-element_type=\"widget\" data-widget_type=\"text-editor.default\">\n\t\t\t\t<div class=\"elementor-widget-container\">\n\t\t\t\t\t\t\t\t\t<p style=\"text-align: center;\"><span style=\"font-size: 36pt; color: #b28b29;\">Appartments<\/span><\/p>\t\t\t\t\t\t\t\t<\/div>\n\t\t\t\t<\/div>\n\t\t\t\t<div class=\"elementor-element elementor-element-0d1fafa elementor-widget elementor-widget-image-carousel\" data-id=\"0d1fafa\" data-element_type=\"widget\" data-settings=\"{&quot;navigation&quot;:&quot;none&quot;,&quot;autoplay&quot;:&quot;yes&quot;,&quot;pause_on_hover&quot;:&quot;yes&quot;,&quot;pause_on_interaction&quot;:&quot;yes&quot;,&quot;autoplay_speed&quot;:5000,&quot;infinite&quot;:&quot;yes&quot;,&quot;speed&quot;:500}\" data-widget_type=\"image-carousel.default\">\n\t\t\t\t<div class=\"elementor-widget-container\">\n\t\t\t\t\t\t\t<div class=\"elementor-image-carousel-wrapper swiper\" role=\"region\" aria-roledescription=\"carousel\" aria-label=\"Bild Karussell\" dir=\"ltr\">\n\t\t\t<div class=\"elementor-image-carousel swiper-wrapper\" aria-live=\"off\">\n\t\t\t\t\t\t\t\t<div class=\"swiper-slide\" role=\"group\" aria-roledescription=\"slide\" aria-label=\"1 von 5\"><a data-elementor-open-lightbox=\"yes\" data-elementor-lightbox-slideshow=\"0d1fafa\" data-elementor-lightbox-title=\"app01\" data-e-action-hash=\"#elementor-action%3Aaction%3Dlightbox%26settings%3DeyJpZCI6MzMzLCJ1cmwiOiJodHRwczpcL1wvaG90ZWwtd2luZGVjay5kZVwvd3AtY29udGVudFwvdXBsb2Fkc1wvMjAxOVwvMDFcL2FwcDAxLmpwZyIsInNsaWRlc2hvdyI6IjBkMWZhZmEifQ%3D%3D\" href=\"https:\/\/hotel-windeck.de\/wp-content\/uploads\/2019\/01\/app01.jpg\"><figure class=\"swiper-slide-inner\"><img decoding=\"async\" class=\"swiper-slide-image\" src=\"https:\/\/hotel-windeck.de\/wp-content\/uploads\/elementor\/thumbs\/app01-r8ig1w79ayoatpnjfhgvdozv0elj7pvpcx5lyajvig.jpg\" alt=\"app01\" \/><\/figure><\/a><\/div><div class=\"swiper-slide\" role=\"group\" aria-roledescription=\"slide\" aria-label=\"2 von 5\"><a data-elementor-open-lightbox=\"yes\" data-elementor-lightbox-slideshow=\"0d1fafa\" data-elementor-lightbox-title=\"app02\" data-e-action-hash=\"#elementor-action%3Aaction%3Dlightbox%26settings%3DeyJpZCI6MzM0LCJ1cmwiOiJodHRwczpcL1wvaG90ZWwtd2luZGVjay5kZVwvd3AtY29udGVudFwvdXBsb2Fkc1wvMjAxOVwvMDFcL2FwcDAyLmpwZyIsInNsaWRlc2hvdyI6IjBkMWZhZmEifQ%3D%3D\" href=\"https:\/\/hotel-windeck.de\/wp-content\/uploads\/2019\/01\/app02.jpg\"><figure class=\"swiper-slide-inner\"><img decoding=\"async\" class=\"swiper-slide-image\" src=\"https:\/\/hotel-windeck.de\/wp-content\/uploads\/elementor\/thumbs\/app02-r8ig24nt0gzvq7b9234ii4v0cvfu4ztae30z9s7byg.jpg\" alt=\"app02\" \/><\/figure><\/a><\/div><div class=\"swiper-slide\" role=\"group\" aria-roledescription=\"slide\" aria-label=\"3 von 5\"><a data-elementor-open-lightbox=\"yes\" data-elementor-lightbox-slideshow=\"0d1fafa\" data-elementor-lightbox-title=\"app03\" data-e-action-hash=\"#elementor-action%3Aaction%3Dlightbox%26settings%3DeyJpZCI6MzM1LCJ1cmwiOiJodHRwczpcL1wvaG90ZWwtd2luZGVjay5kZVwvd3AtY29udGVudFwvdXBsb2Fkc1wvMjAxOVwvMDFcL2FwcDAzLmpwZyIsInNsaWRlc2hvdyI6IjBkMWZhZmEifQ%3D%3D\" href=\"https:\/\/hotel-windeck.de\/wp-content\/uploads\/2019\/01\/app03.jpg\"><figure class=\"swiper-slide-inner\"><img decoding=\"async\" class=\"swiper-slide-image\" src=\"https:\/\/hotel-windeck.de\/wp-content\/uploads\/elementor\/thumbs\/app03-r8ig2d4cpzbgmoyyoos5mkq5pca529qvf8wcl9useg.jpg\" alt=\"app03\" \/><\/figure><\/a><\/div><div class=\"swiper-slide\" role=\"group\" aria-roledescription=\"slide\" aria-label=\"4 von 5\"><a data-elementor-open-lightbox=\"yes\" data-elementor-lightbox-slideshow=\"0d1fafa\" data-elementor-lightbox-title=\"app04\" data-e-action-hash=\"#elementor-action%3Aaction%3Dlightbox%26settings%3DeyJpZCI6MzM2LCJ1cmwiOiJodHRwczpcL1wvaG90ZWwtd2luZGVjay5kZVwvd3AtY29udGVudFwvdXBsb2Fkc1wvMjAxOVwvMDFcL2FwcDA0LmpwZyIsInNsaWRlc2hvdyI6IjBkMWZhZmEifQ%3D%3D\" href=\"https:\/\/hotel-windeck.de\/wp-content\/uploads\/2019\/01\/app04.jpg\"><figure class=\"swiper-slide-inner\"><img decoding=\"async\" class=\"swiper-slide-image\" src=\"https:\/\/hotel-windeck.de\/wp-content\/uploads\/elementor\/thumbs\/app04-r8ig2irduzj6kcqrrr7x1jax9niccgd9g0t9gxmfd4.jpg\" alt=\"app04\" \/><\/figure><\/a><\/div><div class=\"swiper-slide\" role=\"group\" aria-roledescription=\"slide\" aria-label=\"5 von 5\"><a data-elementor-open-lightbox=\"yes\" data-elementor-lightbox-slideshow=\"0d1fafa\" data-elementor-lightbox-title=\"app05\" data-e-action-hash=\"#elementor-action%3Aaction%3Dlightbox%26settings%3DeyJpZCI6MzM3LCJ1cmwiOiJodHRwczpcL1wvaG90ZWwtd2luZGVjay5kZVwvd3AtY29udGVudFwvdXBsb2Fkc1wvMjAxOVwvMDFcL2FwcDA1LmpwZyIsInNsaWRlc2hvdyI6IjBkMWZhZmEifQ%3D%3D\" href=\"https:\/\/hotel-windeck.de\/wp-content\/uploads\/2019\/01\/app05.jpg\"><figure class=\"swiper-slide-inner\"><img decoding=\"async\" class=\"swiper-slide-image\" src=\"https:\/\/hotel-windeck.de\/wp-content\/uploads\/elementor\/thumbs\/app05-r8ig2jp81tkgvypem9mjm12dv1dpk5gzs5gqy7l16w.jpg\" alt=\"app05\" \/><\/figure><\/a><\/div>\t\t\t<\/div>\n\t\t\t\t\t\t\t\n\t\t\t\t\t\t\t\t\t<\/div>\n\t\t\t\t\t\t<\/div>\n\t\t\t\t<\/div>\n\t\t\t\t\t<\/div>\n\t\t<\/div>\n\t\t\t\t\t<\/div>\n\t\t<\/section>\n\t\t\t\t<\/div>\n\t\t","protected":false},"excerpt":{"rendered":"<p>Unsere\u00a0 Zimmer Alle unsere Zimmer und Appartments sind mit kostenlosem W-LAN ausgestattet. Jedes Zimmer im Hotel-Restaurant Windeck hat ein eigenes Bad inkl. F\u00f6n. Egal ob Appartment oder Hotelzimmer. Satelitten-TV ist bei uns Standard. Parken Sie Ihr Auto oder Reisemobil direkt an unserem Haus. Einzel-\u00a0 und\u00a0 Doppelzimmer Unser Zimmerservice ist t\u00e4glich f\u00fcr Sie im Einsatz. Wir [&hellip;]<\/p>\n","protected":false},"author":1,"featured_media":0,"parent":0,"menu_order":0,"comment_status":"closed","ping_status":"closed","template":"elementor_header_footer","meta":{"footnotes":""},"class_list":["post-10","page","type-page","status-publish","hentry"],"_links":{"self":[{"href":"https:\/\/hotel-windeck.de\/index.php?rest_route=\/wp\/v2\/pages\/10","targetHints":{"allow":["GET"]}}],"collection":[{"href":"https:\/\/hotel-windeck.de\/index.php?rest_route=\/wp\/v2\/pages"}],"about":[{"href":"https:\/\/hotel-windeck.de\/index.php?rest_route=\/wp\/v2\/types\/page"}],"author":[{"embeddable":true,"href":"https:\/\/hotel-windeck.de\/index.php?rest_route=\/wp\/v2\/users\/1"}],"replies":[{"embeddable":true,"href":"https:\/\/hotel-windeck.de\/index.php?rest_route=%2Fwp%2Fv2%2Fcomments&post=10"}],"version-history":[{"count":0,"href":"https:\/\/hotel-windeck.de\/index.php?rest_route=\/wp\/v2\/pages\/10\/revisions"}],"wp:attachment":[{"href":"https:\/\/hotel-windeck.de\/index.php?rest_route=%2Fwp%2Fv2%2Fmedia&parent=10"}],"curies":[{"name":"wp","href":"https:\/\/api.w.org\/{rel}","templated":true}]}}