{"id":113,"date":"2018-12-23T09:25:48","date_gmt":"2018-12-23T09:25:48","guid":{"rendered":"https:\/\/hotel-windeck.de\/?page_id=113"},"modified":"2026-02-08T10:36:42","modified_gmt":"2026-02-08T09:36:42","slug":"kontakt","status":"publish","type":"page","link":"https:\/\/hotel-windeck.de\/?page_id=113","title":{"rendered":"Kontakt"},"content":{"rendered":"\t\t<div data-elementor-type=\"wp-post\" data-elementor-id=\"113\" class=\"elementor elementor-113\">\n\t\t\t\t\t\t<section class=\"elementor-section elementor-top-section elementor-element elementor-element-bae5560 elementor-section-boxed elementor-section-height-default elementor-section-height-default\" data-id=\"bae5560\" data-element_type=\"section\" data-settings=\"{&quot;background_background&quot;:&quot;classic&quot;}\">\n\t\t\t\t\t\t\t<div class=\"elementor-background-overlay\"><\/div>\n\t\t\t\t\t\t\t<div class=\"elementor-container elementor-column-gap-default\">\n\t\t\t\t\t<div class=\"elementor-column elementor-col-25 elementor-top-column elementor-element elementor-element-9ad9912 elementor-invisible\" data-id=\"9ad9912\" data-element_type=\"column\" data-settings=\"{&quot;background_background&quot;:&quot;classic&quot;,&quot;animation&quot;:&quot;fadeInLeft&quot;}\">\n\t\t\t<div class=\"elementor-widget-wrap elementor-element-populated\">\n\t\t\t\t\t\t<div class=\"elementor-element elementor-element-b2cf265 elementor-view-default elementor-widget elementor-widget-icon\" data-id=\"b2cf265\" data-element_type=\"widget\" data-widget_type=\"icon.default\">\n\t\t\t\t<div class=\"elementor-widget-container\">\n\t\t\t\t\t\t\t<div class=\"elementor-icon-wrapper\">\n\t\t\t<div class=\"elementor-icon\">\n\t\t\t<i aria-hidden=\"true\" class=\"far fa-envelope\"><\/i>\t\t\t<\/div>\n\t\t<\/div>\n\t\t\t\t\t\t<\/div>\n\t\t\t\t<\/div>\n\t\t\t\t<div class=\"elementor-element elementor-element-eea24ac elementor-widget elementor-widget-text-editor\" data-id=\"eea24ac\" data-element_type=\"widget\" data-widget_type=\"text-editor.default\">\n\t\t\t\t<div class=\"elementor-widget-container\">\n\t\t\t\t\t\t\t\t\t<p style=\"text-align: center;\"><span style=\"color: #4d4d4d;\"><strong><span style=\"font-size: 14pt;\">Hausanschrift:<\/span><\/strong><\/span><\/p>\n<p style=\"text-align: center;\"><span style=\"color: #4d4d4d;\"><b>Hotel<\/b> Windeck<br>\nBogenstra\u00dfe 8<br>\nD-57299 Burbach\n<\/span><\/p>\n<p style=\"text-align: center;\"><span style=\"color: #4d4d4d;\"><strong>Telefon:<\/strong><\/span><\/p>\n<p style=\"text-align: center;\"><span style=\"color: #4d4d4d;\">02736 50260<br>\n0176 58959249<\/span><a href=\"https:\/\/wa.me\/4917658959249\"><img decoding=\"async\" class=\"wp-image-7944 size-full align right\" src=\"https:\/\/hotel-windeck.de\/wp-content\/uploads\/2023\/04\/whatsapp_32.png\" alt=\"\" width=\"32\" height=\"32\" \/><\/a><br><br><\/p>\n<p style=\"text-align: center;\"><span style=\"color: #4d4d4d;\"><strong>E-Mail:<\/strong><\/span><br>\n<span style=\"color: #4d4d4d;\">info@hotel-windeck.de<\/span><\/p>\t\t\t\t\t\t\t\t<\/div>\n\t\t\t\t<\/div>\n\t\t\t\t<div class=\"elementor-element elementor-element-89c31c6 elementor-align-center elementor-widget elementor-widget-button\" data-id=\"89c31c6\" data-element_type=\"widget\" data-widget_type=\"button.default\">\n\t\t\t\t<div class=\"elementor-widget-container\">\n\t\t\t\t\t\t\t\t\t<div class=\"elementor-button-wrapper\">\n\t\t\t\t\t<a class=\"elementor-button elementor-button-link elementor-size-sm\" href=\"https:\/\/hotel-windeck.de\/?page_id=7359\">\n\t\t\t\t\t\t<span class=\"elementor-button-content-wrapper\">\n\t\t\t\t\t\t\t\t\t<span class=\"elementor-button-text\">Hier gehts direkt zur Buchung<\/span>\n\t\t\t\t\t<\/span>\n\t\t\t\t\t<\/a>\n\t\t\t\t<\/div>\n\t\t\t\t\t\t\t\t<\/div>\n\t\t\t\t<\/div>\n\t\t\t\t\t<\/div>\n\t\t<\/div>\n\t\t\t\t<div class=\"elementor-column elementor-col-25 elementor-top-column elementor-element elementor-element-4bd4e18 elementor-invisible\" data-id=\"4bd4e18\" data-element_type=\"column\" data-settings=\"{&quot;background_background&quot;:&quot;classic&quot;,&quot;animation&quot;:&quot;fadeInUp&quot;}\">\n\t\t\t<div class=\"elementor-widget-wrap elementor-element-populated\">\n\t\t\t\t\t\t<div class=\"elementor-element elementor-element-9b88e62 elementor-view-default elementor-widget elementor-widget-icon\" data-id=\"9b88e62\" data-element_type=\"widget\" data-widget_type=\"icon.default\">\n\t\t\t\t<div class=\"elementor-widget-container\">\n\t\t\t\t\t\t\t<div class=\"elementor-icon-wrapper\">\n\t\t\t<div class=\"elementor-icon\">\n\t\t\t<i aria-hidden=\"true\" class=\"far fa-envelope\"><\/i>\t\t\t<\/div>\n\t\t<\/div>\n\t\t\t\t\t\t<\/div>\n\t\t\t\t<\/div>\n\t\t\t\t<div class=\"elementor-element elementor-element-843673d elementor-widget elementor-widget-text-editor\" data-id=\"843673d\" data-element_type=\"widget\" data-widget_type=\"text-editor.default\">\n\t\t\t\t<div class=\"elementor-widget-container\">\n\t\t\t\t\t\t\t\t\t<p style=\"text-align: center;\"><span style=\"color: #4d4d4d;\"><strong><span style=\"font-size: 14pt;\">Hausanschrift:<\/span><\/strong><\/span><\/p><p style=\"text-align: center;\"><span style=\"color: #4d4d4d;\"><b>Restaurant<\/b> Windeck<br \/>Bogenstra\u00dfe 8<br \/>D-57299 Burbach<br \/><\/span><\/p><p style=\"text-align: center;\"><span style=\"color: #4d4d4d;\"><strong>Telefon:<\/strong><\/span><\/p><p style=\"text-align: center;\"><span style=\"color: #4d4d4d;\">02736 1640<br \/>0170 5994190<a href=\"https:\/\/wa.me\/4917658959249\"><img decoding=\"async\" class=\"wp-image-7944 size-full align right\" src=\"https:\/\/hotel-windeck.de\/wp-content\/uploads\/2023\/04\/whatsapp_32.png\" alt=\"\" width=\"32\" height=\"32\" \/><\/a><\/span><\/p><p style=\"text-align: center;\"><span style=\"color: #4d4d4d;\"><strong>E-Mail:<\/strong><\/span><br \/><span style=\"color: #4d4d4d;\"><br \/>info@restaurant-windeck.de<\/span><\/p>\t\t\t\t\t\t\t\t<\/div>\n\t\t\t\t<\/div>\n\t\t\t\t<div class=\"elementor-element elementor-element-6249179 elementor-align-center elementor-widget elementor-widget-button\" data-id=\"6249179\" data-element_type=\"widget\" data-widget_type=\"button.default\">\n\t\t\t\t<div class=\"elementor-widget-container\">\n\t\t\t\t\t\t\t\t\t<div class=\"elementor-button-wrapper\">\n\t\t\t\t\t<a class=\"elementor-button elementor-button-link elementor-size-sm\" href=\"https:\/\/hotel-windeck.de\/?page_id=1333\">\n\t\t\t\t\t\t<span class=\"elementor-button-content-wrapper\">\n\t\t\t\t\t\t\t\t\t<span class=\"elementor-button-text\">Hier gehts direkt zur Reservierung<\/span>\n\t\t\t\t\t<\/span>\n\t\t\t\t\t<\/a>\n\t\t\t\t<\/div>\n\t\t\t\t\t\t\t\t<\/div>\n\t\t\t\t<\/div>\n\t\t\t\t\t<\/div>\n\t\t<\/div>\n\t\t\t\t<div class=\"elementor-column elementor-col-25 elementor-top-column elementor-element elementor-element-2919b84 elementor-invisible\" data-id=\"2919b84\" data-element_type=\"column\" data-settings=\"{&quot;background_background&quot;:&quot;classic&quot;,&quot;animation&quot;:&quot;zoomInDown&quot;}\">\n\t\t\t<div class=\"elementor-widget-wrap elementor-element-populated\">\n\t\t\t\t\t\t<div class=\"elementor-element elementor-element-eb679fd elementor-view-default elementor-widget elementor-widget-icon\" data-id=\"eb679fd\" data-element_type=\"widget\" data-widget_type=\"icon.default\">\n\t\t\t\t<div class=\"elementor-widget-container\">\n\t\t\t\t\t\t\t<div class=\"elementor-icon-wrapper\">\n\t\t\t<div class=\"elementor-icon\">\n\t\t\t<i aria-hidden=\"true\" class=\"far fa-clock\"><\/i>\t\t\t<\/div>\n\t\t<\/div>\n\t\t\t\t\t\t<\/div>\n\t\t\t\t<\/div>\n\t\t\t\t<div class=\"elementor-element elementor-element-471dccc elementor-widget elementor-widget-text-editor\" data-id=\"471dccc\" data-element_type=\"widget\" data-widget_type=\"text-editor.default\">\n\t\t\t\t<div class=\"elementor-widget-container\">\n\t\t\t\t\t\t\t\t\t<p style=\"text-align: center;\"><span style=\"color: #606060;\"><strong><span style=\"font-size: 14pt;\">Unsere Restaurant \u00d6ffnungszeiten:<\/span><\/strong><\/span><\/p><p style=\"text-align: center;\"><span style=\"text-decoration: underline;\"><span style=\"color: #808080; text-decoration: underline;\"><strong>Montag:<\/strong><\/span><\/span><br \/><span style=\"font-size: 10pt; color: #808080;\">von 11.30 bis 14.00 Uhr<\/span><br \/><span style=\"font-size: 8pt; color: #808080;\"><strong>(K\u00fcche bis 13.30 Uhr)<\/strong><\/span><br \/><span style=\"font-size: 10pt; color: #800000;\"><strong><span style=\"text-decoration: underline;\">ABEND<\/span><\/strong> geschlossen!<\/span><\/p><p style=\"text-align: center;\"><span style=\"color: #808080;\"><span style=\"text-decoration: underline; font-size: 12pt;\"><strong>Dienstag bis Freitag<br \/><\/strong><\/span><span style=\"font-size: 10pt;\">von 11.30 bis 14.00 Uhr<\/span><\/span><br \/><span style=\"color: #808080;\"><strong><span style=\"font-size: 8pt;\">(K\u00fcche bis 13.30Uhr )<\/span><\/strong><\/span><br \/><span style=\"color: #808080; font-size: 10pt;\">18.00 bis 21.00 Uhr\u00a0<\/span><br \/><strong><span style=\"font-size: 8pt; color: #808080;\">(K\u00fcche bis 19.30Uhr)<\/span><\/strong><\/p><p style=\"text-align: center;\"><span style=\"font-size: 12pt; color: #808080;\"><strong><span style=\"text-decoration: underline;\">Samstag<\/span><\/strong><\/span><br \/><span style=\"font-size: 10pt;\"><span style=\"color: #606060;\">Nur bei Reservierung<br \/>ab 30 Personen ge\u00f6ffnet!<br \/><\/span><strong><span style=\"color: #800000;\">Auf Anfrage Catering 30-150 Personen m\u00f6glich!<\/span><\/strong><\/span><\/p><p style=\"text-align: center;\"><span style=\"text-decoration: underline; color: #808080; font-size: 12pt;\"><strong>Sonntag:<\/strong><\/span><br \/><span style=\"color: #606060; font-size: 10pt;\">von 11.00 bis 14.00 Uhr<br \/><strong><span style=\"font-size: 8pt;\">(K\u00fcche bis 13.30 Uhr)<\/span><br \/><span style=\"text-decoration: underline; color: #800000;\">ABEND<\/span><\/strong><span style=\"color: #800000;\"> geschlossen!<\/span><\/span><\/p>\t\t\t\t\t\t\t\t<\/div>\n\t\t\t\t<\/div>\n\t\t\t\t\t<\/div>\n\t\t<\/div>\n\t\t\t\t<div class=\"elementor-column elementor-col-25 elementor-top-column elementor-element elementor-element-fe5a3f1 elementor-invisible\" data-id=\"fe5a3f1\" data-element_type=\"column\" data-settings=\"{&quot;background_background&quot;:&quot;classic&quot;,&quot;animation&quot;:&quot;fadeInRight&quot;}\">\n\t\t\t<div class=\"elementor-widget-wrap elementor-element-populated\">\n\t\t\t\t\t\t<div class=\"elementor-element elementor-element-600c697 elementor-view-default elementor-widget elementor-widget-icon\" data-id=\"600c697\" data-element_type=\"widget\" data-widget_type=\"icon.default\">\n\t\t\t\t<div class=\"elementor-widget-container\">\n\t\t\t\t\t\t\t<div class=\"elementor-icon-wrapper\">\n\t\t\t<div class=\"elementor-icon\">\n\t\t\t<i aria-hidden=\"true\" class=\"far fa-calendar-alt\"><\/i>\t\t\t<\/div>\n\t\t<\/div>\n\t\t\t\t\t\t<\/div>\n\t\t\t\t<\/div>\n\t\t\t\t<div class=\"elementor-element elementor-element-d86e546 elementor-widget elementor-widget-text-editor\" data-id=\"d86e546\" data-element_type=\"widget\" data-widget_type=\"text-editor.default\">\n\t\t\t\t<div class=\"elementor-widget-container\">\n\t\t\t\t\t\t\t\t\t<p style=\"text-align: center;\"><span style=\"color: #606060;\"><strong><span style=\"font-size: 14pt;\">Unsere Restaurant hat Betriebsferien:<\/span><\/strong><\/span><\/p><p style=\"caret-color: #606060; color: #606060; letter-spacing: normal; text-align: center;\"><span style=\"text-decoration: underline; font-size: 14pt;\"><strong><span style=\"color: #606060; text-decoration: underline;\">Sommer 2026:<\/span><\/strong><\/span><br \/><span style=\"color: #606060;\">00.00.00<\/span><br \/><span style=\"color: #606060;\">bis einschlie\u00dflich <\/span><br \/><span style=\"color: #606060;\">00.00.00<\/span><\/p><p style=\"text-align: center;\"><span style=\"text-decoration: underline; font-size: 14pt;\"><strong><span style=\"color: #606060; text-decoration: underline;\">Winter 2026 \/ 2027:<\/span><\/strong><\/span><br \/><span style=\"color: #606060;\">00.00.00<\/span><br \/><span style=\"color: #606060;\">bis einschlie\u00dflich<br \/>00.00.00<\/span><\/p>\t\t\t\t\t\t\t\t<\/div>\n\t\t\t\t<\/div>\n\t\t\t\t\t<\/div>\n\t\t<\/div>\n\t\t\t\t\t<\/div>\n\t\t<\/section>\n\t\t\t\t<section class=\"elementor-section elementor-top-section elementor-element elementor-element-db11a5e elementor-section-boxed elementor-section-height-default elementor-section-height-default elementor-invisible\" data-id=\"db11a5e\" data-element_type=\"section\" data-settings=\"{&quot;background_background&quot;:&quot;classic&quot;,&quot;animation&quot;:&quot;fadeInUp&quot;}\">\n\t\t\t\t\t\t<div class=\"elementor-container elementor-column-gap-default\">\n\t\t\t\t\t<div class=\"elementor-column elementor-col-100 elementor-top-column elementor-element elementor-element-1c50f4d\" data-id=\"1c50f4d\" data-element_type=\"column\">\n\t\t\t<div class=\"elementor-widget-wrap elementor-element-populated\">\n\t\t\t\t\t\t<div class=\"elementor-element elementor-element-35ee1c1 elementor-widget elementor-widget-image\" data-id=\"35ee1c1\" data-element_type=\"widget\" data-widget_type=\"image.default\">\n\t\t\t\t<div class=\"elementor-widget-container\">\n\t\t\t\t\t\t\t\t\t\t\t\t\t\t\t<img fetchpriority=\"high\" decoding=\"async\" width=\"1024\" height=\"550\" src=\"https:\/\/hotel-windeck.de\/wp-content\/uploads\/2018\/12\/Windeck04-1024x550.jpg\" class=\"attachment-large size-large wp-image-251\" alt=\"\" srcset=\"https:\/\/hotel-windeck.de\/wp-content\/uploads\/2018\/12\/Windeck04-1024x550.jpg 1024w, https:\/\/hotel-windeck.de\/wp-content\/uploads\/2018\/12\/Windeck04-300x161.jpg 300w, https:\/\/hotel-windeck.de\/wp-content\/uploads\/2018\/12\/Windeck04-768x412.jpg 768w, https:\/\/hotel-windeck.de\/wp-content\/uploads\/2018\/12\/Windeck04.jpg 1920w\" sizes=\"(max-width: 1024px) 100vw, 1024px\" \/>\t\t\t\t\t\t\t\t\t\t\t\t\t\t\t<\/div>\n\t\t\t\t<\/div>\n\t\t\t\t\t<\/div>\n\t\t<\/div>\n\t\t\t\t\t<\/div>\n\t\t<\/section>\n\t\t\t\t<\/div>\n\t\t","protected":false},"excerpt":{"rendered":"<p>Hausanschrift: Hotel Windeck Bogenstra\u00dfe 8 D-57299 Burbach Telefon: 02736 50260 0176 58959249 E-Mail: info@hotel-windeck.de Hier gehts direkt zur Buchung Hausanschrift: Restaurant WindeckBogenstra\u00dfe 8D-57299 Burbach Telefon: 02736 16400170 5994190 E-Mail: info@restaurant-windeck.de Hier gehts direkt zur Reservierung Unsere Restaurant \u00d6ffnungszeiten: Montag:von 11.30 bis 14.00 Uhr(K\u00fcche bis 13.30 Uhr)ABEND geschlossen! Dienstag bis Freitagvon 11.30 bis 14.00 Uhr(K\u00fcche bis [&hellip;]<\/p>\n","protected":false},"author":1,"featured_media":0,"parent":0,"menu_order":0,"comment_status":"closed","ping_status":"closed","template":"elementor_header_footer","meta":{"footnotes":""},"class_list":["post-113","page","type-page","status-publish","hentry"],"_links":{"self":[{"href":"https:\/\/hotel-windeck.de\/index.php?rest_route=\/wp\/v2\/pages\/113","targetHints":{"allow":["GET"]}}],"collection":[{"href":"https:\/\/hotel-windeck.de\/index.php?rest_route=\/wp\/v2\/pages"}],"about":[{"href":"https:\/\/hotel-windeck.de\/index.php?rest_route=\/wp\/v2\/types\/page"}],"author":[{"embeddable":true,"href":"https:\/\/hotel-windeck.de\/index.php?rest_route=\/wp\/v2\/users\/1"}],"replies":[{"embeddable":true,"href":"https:\/\/hotel-windeck.de\/index.php?rest_route=%2Fwp%2Fv2%2Fcomments&post=113"}],"version-history":[{"count":30,"href":"https:\/\/hotel-windeck.de\/index.php?rest_route=\/wp\/v2\/pages\/113\/revisions"}],"predecessor-version":[{"id":16247,"href":"https:\/\/hotel-windeck.de\/index.php?rest_route=\/wp\/v2\/pages\/113\/revisions\/16247"}],"wp:attachment":[{"href":"https:\/\/hotel-windeck.de\/index.php?rest_route=%2Fwp%2Fv2%2Fmedia&parent=113"}],"curies":[{"name":"wp","href":"https:\/\/api.w.org\/{rel}","templated":true}]}}