{"id":12,"date":"2018-12-22T06:57:04","date_gmt":"2018-12-22T06:57:04","guid":{"rendered":"https:\/\/hotel-windeck.de\/?page_id=12"},"modified":"2020-09-24T16:43:17","modified_gmt":"2020-09-24T16:43:17","slug":"restaurant","status":"publish","type":"page","link":"https:\/\/hotel-windeck.de\/?page_id=12","title":{"rendered":"Restaurant"},"content":{"rendered":"\t\t<div data-elementor-type=\"wp-post\" data-elementor-id=\"12\" class=\"elementor elementor-12\">\n\t\t\t\t\t\t<section class=\"elementor-section elementor-top-section elementor-element elementor-element-35d8b98 elementor-section-boxed elementor-section-height-default elementor-section-height-default\" data-id=\"35d8b98\" data-element_type=\"section\">\n\t\t\t\t\t\t<div class=\"elementor-container elementor-column-gap-default\">\n\t\t\t\t\t<div class=\"elementor-column elementor-col-100 elementor-top-column elementor-element elementor-element-5d6cc54\" data-id=\"5d6cc54\" data-element_type=\"column\">\n\t\t\t<div class=\"elementor-widget-wrap elementor-element-populated\">\n\t\t\t\t\t\t<div class=\"elementor-element elementor-element-2adc1b43 elementor-widget elementor-widget-text-editor\" data-id=\"2adc1b43\" data-element_type=\"widget\" data-widget_type=\"text-editor.default\">\n\t\t\t\t<div class=\"elementor-widget-container\">\n\t\t\t\t\t\t\t\t\t<h1 style=\"text-align: center;\"><span style=\"font-size: 36pt;\">Die\u00a0 Gaststube\u00a0 und\u00a0\u00a0 Terrasse<br \/><\/span><\/h1>\t\t\t\t\t\t\t\t<\/div>\n\t\t\t\t<\/div>\n\t\t\t\t\t<\/div>\n\t\t<\/div>\n\t\t\t\t\t<\/div>\n\t\t<\/section>\n\t\t\t\t<section class=\"elementor-section elementor-top-section elementor-element elementor-element-1c5cba88 elementor-section-boxed elementor-section-height-default elementor-section-height-default\" data-id=\"1c5cba88\" data-element_type=\"section\" data-settings=\"{&quot;background_background&quot;:&quot;classic&quot;}\">\n\t\t\t\t\t\t<div class=\"elementor-container elementor-column-gap-default\">\n\t\t\t\t\t<div class=\"elementor-column elementor-col-100 elementor-top-column elementor-element elementor-element-270bb84c\" data-id=\"270bb84c\" data-element_type=\"column\">\n\t\t\t<div class=\"elementor-widget-wrap elementor-element-populated\">\n\t\t\t\t\t\t<div class=\"elementor-element elementor-element-3b295468 elementor-widget elementor-widget-text-editor\" data-id=\"3b295468\" data-element_type=\"widget\" data-widget_type=\"text-editor.default\">\n\t\t\t\t<div class=\"elementor-widget-container\">\n\t\t\t\t\t\t\t\t\t<p style=\"text-align: center;\"><strong>gem\u00fctlich und einladend<br \/><\/strong><\/p>\t\t\t\t\t\t\t\t<\/div>\n\t\t\t\t<\/div>\n\t\t\t\t<div class=\"elementor-element elementor-element-2c522095 elementor-widget elementor-widget-text-editor\" data-id=\"2c522095\" data-element_type=\"widget\" data-widget_type=\"text-editor.default\">\n\t\t\t\t<div class=\"elementor-widget-container\">\n\t\t\t\t\t\t\t\t\t<p style=\"text-align: center;\"><span style=\"font-size: 12pt;\">Im Fr\u00fchling, Sommer oder einem goldenen Herbst, l\u00e4dt unsere ruhig gelegene Terrasse\u00a0 zum Essen und Trinken ein. Unsere Gaststube im traditionellen gem\u00fctlichen Siegerl\u00e4nder Look sorgt in der kalten Jahreszeit f\u00fcr Gem\u00fctlichkeit.<\/span><\/p>\t\t\t\t\t\t\t\t<\/div>\n\t\t\t\t<\/div>\n\t\t\t\t<div class=\"elementor-element elementor-element-02f5192 elementor-widget elementor-widget-image-gallery\" data-id=\"02f5192\" data-element_type=\"widget\" data-widget_type=\"image-gallery.default\">\n\t\t\t\t<div class=\"elementor-widget-container\">\n\t\t\t\t\t\t\t<div class=\"elementor-image-gallery\">\n\t\t\t<div id='gallery-1' class='gallery galleryid-12 gallery-columns-4 gallery-size-thumbnail'><figure class='gallery-item'>\n\t\t\t<div class='gallery-icon landscape'>\n\t\t\t\t<a data-elementor-open-lightbox=\"yes\" data-elementor-lightbox-slideshow=\"02f5192\" data-elementor-lightbox-title=\"IMG_0647\" data-e-action-hash=\"#elementor-action%3Aaction%3Dlightbox%26settings%3DeyJpZCI6MjI3LCJ1cmwiOiJodHRwczpcL1wvaG90ZWwtd2luZGVjay5kZVwvd3AtY29udGVudFwvdXBsb2Fkc1wvMjAxOFwvMTJcL0lNR18wNjQ3LmpwZyIsInNsaWRlc2hvdyI6IjAyZjUxOTIifQ%3D%3D\" href='https:\/\/hotel-windeck.de\/wp-content\/uploads\/2018\/12\/IMG_0647.jpg'><img decoding=\"async\" width=\"150\" height=\"150\" src=\"https:\/\/hotel-windeck.de\/wp-content\/uploads\/2018\/12\/IMG_0647-150x150.jpg\" class=\"attachment-thumbnail size-thumbnail\" alt=\"\" \/><\/a>\n\t\t\t<\/div><\/figure><figure class='gallery-item'>\n\t\t\t<div class='gallery-icon landscape'>\n\t\t\t\t<a data-elementor-open-lightbox=\"yes\" data-elementor-lightbox-slideshow=\"02f5192\" data-elementor-lightbox-title=\"IMG_0649\" data-e-action-hash=\"#elementor-action%3Aaction%3Dlightbox%26settings%3DeyJpZCI6MjI4LCJ1cmwiOiJodHRwczpcL1wvaG90ZWwtd2luZGVjay5kZVwvd3AtY29udGVudFwvdXBsb2Fkc1wvMjAxOFwvMTJcL0lNR18wNjQ5LmpwZyIsInNsaWRlc2hvdyI6IjAyZjUxOTIifQ%3D%3D\" href='https:\/\/hotel-windeck.de\/wp-content\/uploads\/2018\/12\/IMG_0649.jpg'><img decoding=\"async\" width=\"150\" height=\"150\" src=\"https:\/\/hotel-windeck.de\/wp-content\/uploads\/2018\/12\/IMG_0649-150x150.jpg\" class=\"attachment-thumbnail size-thumbnail\" alt=\"\" \/><\/a>\n\t\t\t<\/div><\/figure><figure class='gallery-item'>\n\t\t\t<div class='gallery-icon landscape'>\n\t\t\t\t<a data-elementor-open-lightbox=\"yes\" data-elementor-lightbox-slideshow=\"02f5192\" data-elementor-lightbox-title=\"terrasse\" data-e-action-hash=\"#elementor-action%3Aaction%3Dlightbox%26settings%3DeyJpZCI6MjgwLCJ1cmwiOiJodHRwczpcL1wvaG90ZWwtd2luZGVjay5kZVwvd3AtY29udGVudFwvdXBsb2Fkc1wvMjAxOFwvMTJcL3RlcnJhc3NlLmpwZyIsInNsaWRlc2hvdyI6IjAyZjUxOTIifQ%3D%3D\" href='https:\/\/hotel-windeck.de\/wp-content\/uploads\/2018\/12\/terrasse.jpg'><img decoding=\"async\" width=\"150\" height=\"150\" src=\"https:\/\/hotel-windeck.de\/wp-content\/uploads\/2018\/12\/terrasse-150x150.jpg\" class=\"attachment-thumbnail size-thumbnail\" alt=\"\" \/><\/a>\n\t\t\t<\/div><\/figure><figure class='gallery-item'>\n\t\t\t<div class='gallery-icon landscape'>\n\t\t\t\t<a data-elementor-open-lightbox=\"yes\" data-elementor-lightbox-slideshow=\"02f5192\" data-elementor-lightbox-title=\"terrasse2\" data-e-action-hash=\"#elementor-action%3Aaction%3Dlightbox%26settings%3DeyJpZCI6MjgxLCJ1cmwiOiJodHRwczpcL1wvaG90ZWwtd2luZGVjay5kZVwvd3AtY29udGVudFwvdXBsb2Fkc1wvMjAxOFwvMTJcL3RlcnJhc3NlMi5qcGciLCJzbGlkZXNob3ciOiIwMmY1MTkyIn0%3D\" href='https:\/\/hotel-windeck.de\/wp-content\/uploads\/2018\/12\/terrasse2.jpg'><img loading=\"lazy\" decoding=\"async\" width=\"150\" height=\"150\" src=\"https:\/\/hotel-windeck.de\/wp-content\/uploads\/2018\/12\/terrasse2-150x150.jpg\" class=\"attachment-thumbnail size-thumbnail\" alt=\"\" \/><\/a>\n\t\t\t<\/div><\/figure>\n\t\t<\/div>\n\t\t<\/div>\n\t\t\t\t\t\t<\/div>\n\t\t\t\t<\/div>\n\t\t\t\t\t<\/div>\n\t\t<\/div>\n\t\t\t\t\t<\/div>\n\t\t<\/section>\n\t\t\t\t<section class=\"elementor-section elementor-top-section elementor-element elementor-element-9b2e44b elementor-section-boxed elementor-section-height-default elementor-section-height-default\" data-id=\"9b2e44b\" data-element_type=\"section\">\n\t\t\t\t\t\t<div class=\"elementor-container elementor-column-gap-default\">\n\t\t\t\t\t<div class=\"elementor-column elementor-col-100 elementor-top-column elementor-element elementor-element-7b17173\" data-id=\"7b17173\" data-element_type=\"column\">\n\t\t\t<div class=\"elementor-widget-wrap elementor-element-populated\">\n\t\t\t\t\t\t<div class=\"elementor-element elementor-element-7af68da elementor-widget-divider--view-line elementor-widget elementor-widget-divider\" data-id=\"7af68da\" data-element_type=\"widget\" data-widget_type=\"divider.default\">\n\t\t\t\t<div class=\"elementor-widget-container\">\n\t\t\t\t\t\t\t<div class=\"elementor-divider\">\n\t\t\t<span class=\"elementor-divider-separator\">\n\t\t\t\t\t\t<\/span>\n\t\t<\/div>\n\t\t\t\t\t\t<\/div>\n\t\t\t\t<\/div>\n\t\t\t\t<div class=\"elementor-element elementor-element-7f4fbbe elementor-widget elementor-widget-text-editor\" data-id=\"7f4fbbe\" data-element_type=\"widget\" data-widget_type=\"text-editor.default\">\n\t\t\t\t<div class=\"elementor-widget-container\">\n\t\t\t\t\t\t\t\t\t<h1 style=\"text-align: center;\"><span style=\"font-size: 36pt;\">Unsere\u00a0 K\u00fcche<br \/><\/span><\/h1>\t\t\t\t\t\t\t\t<\/div>\n\t\t\t\t<\/div>\n\t\t\t\t\t<\/div>\n\t\t<\/div>\n\t\t\t\t\t<\/div>\n\t\t<\/section>\n\t\t\t\t<section class=\"elementor-section elementor-top-section elementor-element elementor-element-e847f16 elementor-section-boxed elementor-section-height-default elementor-section-height-default\" data-id=\"e847f16\" data-element_type=\"section\" data-settings=\"{&quot;background_background&quot;:&quot;classic&quot;}\">\n\t\t\t\t\t\t<div class=\"elementor-container elementor-column-gap-default\">\n\t\t\t\t\t<div class=\"elementor-column elementor-col-100 elementor-top-column elementor-element elementor-element-923ef2f\" data-id=\"923ef2f\" data-element_type=\"column\">\n\t\t\t<div class=\"elementor-widget-wrap elementor-element-populated\">\n\t\t\t\t\t\t<div class=\"elementor-element elementor-element-eed6e4c elementor-widget elementor-widget-text-editor\" data-id=\"eed6e4c\" data-element_type=\"widget\" data-widget_type=\"text-editor.default\">\n\t\t\t\t<div class=\"elementor-widget-container\">\n\t\t\t\t\t\t\t\t\t<p style=\"text-align: center;\"><strong>traditionell &amp; kulinarisch<br \/><\/strong><\/p>\t\t\t\t\t\t\t\t<\/div>\n\t\t\t\t<\/div>\n\t\t\t\t<div class=\"elementor-element elementor-element-e3ac65f elementor-widget elementor-widget-text-editor\" data-id=\"e3ac65f\" data-element_type=\"widget\" data-widget_type=\"text-editor.default\">\n\t\t\t\t<div class=\"elementor-widget-container\">\n\t\t\t\t\t\t\t\t\t<p style=\"text-align: center;\"><span style=\"font-size: 12pt;\">Nach dem Motto &#8222;good food &amp; fine wine&#8220; servieren wir Ihnen in unserem Restaurant K\u00f6stlichkeiten der Saison. Bei uns haben Sie die Wahl &#8211; unsere K\u00f6che haben eine echte Leidenschaft f\u00fcr frisches Essen. Wir freuen uns darauf, Ihnen unsere exzellenten Gerichte servieren zu k\u00f6nnen. Hygiene und Freundlichkeit sind bei uns oberstes Gebot und selbstverst\u00e4ndlich.<\/span><\/p>\t\t\t\t\t\t\t\t<\/div>\n\t\t\t\t<\/div>\n\t\t\t\t<div class=\"elementor-element elementor-element-4a555e2 elementor-widget elementor-widget-image-gallery\" data-id=\"4a555e2\" data-element_type=\"widget\" data-widget_type=\"image-gallery.default\">\n\t\t\t\t<div class=\"elementor-widget-container\">\n\t\t\t\t\t\t\t<div class=\"elementor-image-gallery\">\n\t\t\t<div id='gallery-2' class='gallery galleryid-12 gallery-columns-4 gallery-size-thumbnail'><figure class='gallery-item'>\n\t\t\t<div class='gallery-icon landscape'>\n\t\t\t\t<a data-elementor-open-lightbox=\"yes\" data-elementor-lightbox-slideshow=\"4a555e2\" data-elementor-lightbox-title=\"IMG_0604\" data-e-action-hash=\"#elementor-action%3Aaction%3Dlightbox%26settings%3DeyJpZCI6Mjg0LCJ1cmwiOiJodHRwczpcL1wvaG90ZWwtd2luZGVjay5kZVwvd3AtY29udGVudFwvdXBsb2Fkc1wvMjAxOFwvMTJcL0lNR18wNjA0LTEuanBnIiwic2xpZGVzaG93IjoiNGE1NTVlMiJ9\" href='https:\/\/hotel-windeck.de\/wp-content\/uploads\/2018\/12\/IMG_0604-1.jpg'><img loading=\"lazy\" decoding=\"async\" width=\"150\" height=\"150\" src=\"https:\/\/hotel-windeck.de\/wp-content\/uploads\/2018\/12\/IMG_0604-1-150x150.jpg\" class=\"attachment-thumbnail size-thumbnail\" alt=\"\" \/><\/a>\n\t\t\t<\/div><\/figure><figure class='gallery-item'>\n\t\t\t<div class='gallery-icon landscape'>\n\t\t\t\t<a data-elementor-open-lightbox=\"yes\" data-elementor-lightbox-slideshow=\"4a555e2\" data-elementor-lightbox-title=\"kueche03\" data-e-action-hash=\"#elementor-action%3Aaction%3Dlightbox%26settings%3DeyJpZCI6Mjg3LCJ1cmwiOiJodHRwczpcL1wvaG90ZWwtd2luZGVjay5kZVwvd3AtY29udGVudFwvdXBsb2Fkc1wvMjAxOFwvMTJcL2t1ZWNoZTAzLmpwZyIsInNsaWRlc2hvdyI6IjRhNTU1ZTIifQ%3D%3D\" href='https:\/\/hotel-windeck.de\/wp-content\/uploads\/2018\/12\/kueche03.jpg'><img loading=\"lazy\" decoding=\"async\" width=\"150\" height=\"150\" src=\"https:\/\/hotel-windeck.de\/wp-content\/uploads\/2018\/12\/kueche03-150x150.jpg\" class=\"attachment-thumbnail size-thumbnail\" alt=\"\" \/><\/a>\n\t\t\t<\/div><\/figure><figure class='gallery-item'>\n\t\t\t<div class='gallery-icon landscape'>\n\t\t\t\t<a data-elementor-open-lightbox=\"yes\" data-elementor-lightbox-slideshow=\"4a555e2\" data-elementor-lightbox-title=\"kueche01\" data-e-action-hash=\"#elementor-action%3Aaction%3Dlightbox%26settings%3DeyJpZCI6Mjg1LCJ1cmwiOiJodHRwczpcL1wvaG90ZWwtd2luZGVjay5kZVwvd3AtY29udGVudFwvdXBsb2Fkc1wvMjAxOFwvMTJcL2t1ZWNoZTAxLmpwZyIsInNsaWRlc2hvdyI6IjRhNTU1ZTIifQ%3D%3D\" href='https:\/\/hotel-windeck.de\/wp-content\/uploads\/2018\/12\/kueche01.jpg'><img loading=\"lazy\" decoding=\"async\" width=\"150\" height=\"150\" src=\"https:\/\/hotel-windeck.de\/wp-content\/uploads\/2018\/12\/kueche01-150x150.jpg\" class=\"attachment-thumbnail size-thumbnail\" alt=\"\" \/><\/a>\n\t\t\t<\/div><\/figure><figure class='gallery-item'>\n\t\t\t<div class='gallery-icon landscape'>\n\t\t\t\t<a data-elementor-open-lightbox=\"yes\" data-elementor-lightbox-slideshow=\"4a555e2\" data-elementor-lightbox-title=\"kueche02\" data-e-action-hash=\"#elementor-action%3Aaction%3Dlightbox%26settings%3DeyJpZCI6Mjg2LCJ1cmwiOiJodHRwczpcL1wvaG90ZWwtd2luZGVjay5kZVwvd3AtY29udGVudFwvdXBsb2Fkc1wvMjAxOFwvMTJcL2t1ZWNoZTAyLmpwZyIsInNsaWRlc2hvdyI6IjRhNTU1ZTIifQ%3D%3D\" href='https:\/\/hotel-windeck.de\/wp-content\/uploads\/2018\/12\/kueche02.jpg'><img loading=\"lazy\" decoding=\"async\" width=\"150\" height=\"150\" src=\"https:\/\/hotel-windeck.de\/wp-content\/uploads\/2018\/12\/kueche02-150x150.jpg\" class=\"attachment-thumbnail size-thumbnail\" alt=\"\" \/><\/a>\n\t\t\t<\/div><\/figure>\n\t\t<\/div>\n\t\t<\/div>\n\t\t\t\t\t\t<\/div>\n\t\t\t\t<\/div>\n\t\t\t\t\t<\/div>\n\t\t<\/div>\n\t\t\t\t\t<\/div>\n\t\t<\/section>\n\t\t\t\t<\/div>\n\t\t","protected":false},"excerpt":{"rendered":"<p>Die\u00a0 Gaststube\u00a0 und\u00a0\u00a0 Terrasse gem\u00fctlich und einladend Im Fr\u00fchling, Sommer oder einem goldenen Herbst, l\u00e4dt unsere ruhig gelegene Terrasse\u00a0 zum Essen und Trinken ein. Unsere Gaststube im traditionellen gem\u00fctlichen Siegerl\u00e4nder Look sorgt in der kalten Jahreszeit f\u00fcr Gem\u00fctlichkeit. Unsere\u00a0 K\u00fcche traditionell &amp; kulinarisch Nach dem Motto &#8222;good food &amp; fine wine&#8220; servieren wir Ihnen in [&hellip;]<\/p>\n","protected":false},"author":1,"featured_media":0,"parent":0,"menu_order":0,"comment_status":"closed","ping_status":"closed","template":"elementor_header_footer","meta":{"footnotes":""},"class_list":["post-12","page","type-page","status-publish","hentry"],"_links":{"self":[{"href":"https:\/\/hotel-windeck.de\/index.php?rest_route=\/wp\/v2\/pages\/12","targetHints":{"allow":["GET"]}}],"collection":[{"href":"https:\/\/hotel-windeck.de\/index.php?rest_route=\/wp\/v2\/pages"}],"about":[{"href":"https:\/\/hotel-windeck.de\/index.php?rest_route=\/wp\/v2\/types\/page"}],"author":[{"embeddable":true,"href":"https:\/\/hotel-windeck.de\/index.php?rest_route=\/wp\/v2\/users\/1"}],"replies":[{"embeddable":true,"href":"https:\/\/hotel-windeck.de\/index.php?rest_route=%2Fwp%2Fv2%2Fcomments&post=12"}],"version-history":[{"count":0,"href":"https:\/\/hotel-windeck.de\/index.php?rest_route=\/wp\/v2\/pages\/12\/revisions"}],"wp:attachment":[{"href":"https:\/\/hotel-windeck.de\/index.php?rest_route=%2Fwp%2Fv2%2Fmedia&parent=12"}],"curies":[{"name":"wp","href":"https:\/\/api.w.org\/{rel}","templated":true}]}}