{"id":1333,"date":"2020-09-28T05:23:42","date_gmt":"2020-09-28T05:23:42","guid":{"rendered":"https:\/\/hotel-windeck.de\/?page_id=1333"},"modified":"2023-04-06T09:26:15","modified_gmt":"2023-04-06T09:26:15","slug":"tischreservierung","status":"publish","type":"page","link":"https:\/\/hotel-windeck.de\/?page_id=1333","title":{"rendered":"Tischreservierung"},"content":{"rendered":"\t\t<div data-elementor-type=\"wp-page\" data-elementor-id=\"1333\" class=\"elementor elementor-1333\">\n\t\t\t\t\t\t<section class=\"elementor-section elementor-top-section elementor-element elementor-element-2fac56a elementor-section-boxed elementor-section-height-default elementor-section-height-default\" data-id=\"2fac56a\" data-element_type=\"section\">\n\t\t\t\t\t\t<div class=\"elementor-container elementor-column-gap-default\">\n\t\t\t\t\t<div class=\"elementor-column elementor-col-100 elementor-top-column elementor-element elementor-element-24e4df6\" data-id=\"24e4df6\" data-element_type=\"column\">\n\t\t\t<div class=\"elementor-widget-wrap elementor-element-populated\">\n\t\t\t\t\t\t<div class=\"elementor-element elementor-element-d66bd12 elementor-widget elementor-widget-text-editor\" data-id=\"d66bd12\" data-element_type=\"widget\" data-widget_type=\"text-editor.default\">\n\t\t\t\t<div class=\"elementor-widget-container\">\n\t\t\t\t\t\t\t\t\t<h1><span style=\"font-size: 36pt;\">Anfrage\u00a0 Reservierung<\/span><\/h1>\t\t\t\t\t\t\t\t<\/div>\n\t\t\t\t<\/div>\n\t\t\t\t\t<\/div>\n\t\t<\/div>\n\t\t\t\t\t<\/div>\n\t\t<\/section>\n\t\t\t\t<section class=\"elementor-section elementor-top-section elementor-element elementor-element-9fb26ba elementor-section-boxed elementor-section-height-default elementor-section-height-default\" data-id=\"9fb26ba\" data-element_type=\"section\">\n\t\t\t\t\t\t<div class=\"elementor-container elementor-column-gap-default\">\n\t\t\t\t\t<div class=\"elementor-column elementor-col-100 elementor-top-column elementor-element elementor-element-3aa81bf\" data-id=\"3aa81bf\" data-element_type=\"column\">\n\t\t\t<div class=\"elementor-widget-wrap elementor-element-populated\">\n\t\t\t\t\t\t<div class=\"elementor-element elementor-element-f05eb37 elementor-widget elementor-widget-text-editor\" data-id=\"f05eb37\" data-element_type=\"widget\" data-widget_type=\"text-editor.default\">\n\t\t\t\t<div class=\"elementor-widget-container\">\n\t\t\t\t\t\t\t\t\t<p>Tischreservierung oder Catering ausw\u00e4hlen und die erforderlichen Felder ausf\u00fcllen. Anschlie\u00dfend senden Sie uns Ihre Reservierungsanfrage. Die mit einem Stern <span style=\"color: #ff0000;\">*<\/span> markierten Felder sind Pflichtfelder. Unter zus\u00e4tzliche Details k\u00f6nnen Sie uns \u00fcber weitere W\u00fcnsche informieren. Wir melden uns umgehend bei Ihnen. <br \/>Nach dem Senden der Anfrage ist das Formular ausgeblendet um ein doppeltes senden zu vermeiden. Wenn Sie eine weitere Anfrage senden m\u00f6chten, aktualisieren <i class=\"fas fa-redo\"><\/i> sie einfach ihren Browser.<\/p>\t\t\t\t\t\t\t\t<\/div>\n\t\t\t\t<\/div>\n\t\t\t\t\t<\/div>\n\t\t<\/div>\n\t\t\t\t\t<\/div>\n\t\t<\/section>\n\t\t\t\t<section class=\"elementor-section elementor-top-section elementor-element elementor-element-e39b13f elementor-section-boxed elementor-section-height-default elementor-section-height-default\" data-id=\"e39b13f\" data-element_type=\"section\">\n\t\t\t\t\t\t<div class=\"elementor-container elementor-column-gap-default\">\n\t\t\t\t\t<div class=\"elementor-column elementor-col-100 elementor-top-column elementor-element elementor-element-793a590\" data-id=\"793a590\" data-element_type=\"column\">\n\t\t\t<div class=\"elementor-widget-wrap elementor-element-populated\">\n\t\t\t\t\t\t<div class=\"elementor-element elementor-element-7a08b50 elementor-invisible elementor-widget elementor-widget-shortcode\" data-id=\"7a08b50\" data-element_type=\"widget\" data-settings=\"{&quot;_animation&quot;:&quot;zoomIn&quot;}\" data-widget_type=\"shortcode.default\">\n\t\t\t\t<div class=\"elementor-widget-container\">\n\t\t\t\t\t\t\t<div class=\"elementor-shortcode\"><div id=\"rnef_69e774dd64c26\" class=\"RNEasyFormContainer\" data-varid=\"69e774dd64c26\"><\/div><\/div>\n\t\t\t\t\t\t<\/div>\n\t\t\t\t<\/div>\n\t\t\t\t\t<\/div>\n\t\t<\/div>\n\t\t\t\t\t<\/div>\n\t\t<\/section>\n\t\t\t\t<\/div>\n\t\t","protected":false},"excerpt":{"rendered":"<p>Anfrage\u00a0 Reservierung Tischreservierung oder Catering ausw\u00e4hlen und die erforderlichen Felder ausf\u00fcllen. Anschlie\u00dfend senden Sie uns Ihre Reservierungsanfrage. Die mit einem Stern * markierten Felder sind Pflichtfelder. Unter zus\u00e4tzliche Details k\u00f6nnen Sie uns \u00fcber weitere W\u00fcnsche informieren. Wir melden uns umgehend bei Ihnen. Nach dem Senden der Anfrage ist das Formular ausgeblendet um ein doppeltes senden [&hellip;]<\/p>\n","protected":false},"author":2,"featured_media":0,"parent":12,"menu_order":2,"comment_status":"closed","ping_status":"closed","template":"elementor_header_footer","meta":{"footnotes":""},"class_list":["post-1333","page","type-page","status-publish","hentry"],"_links":{"self":[{"href":"https:\/\/hotel-windeck.de\/index.php?rest_route=\/wp\/v2\/pages\/1333","targetHints":{"allow":["GET"]}}],"collection":[{"href":"https:\/\/hotel-windeck.de\/index.php?rest_route=\/wp\/v2\/pages"}],"about":[{"href":"https:\/\/hotel-windeck.de\/index.php?rest_route=\/wp\/v2\/types\/page"}],"author":[{"embeddable":true,"href":"https:\/\/hotel-windeck.de\/index.php?rest_route=\/wp\/v2\/users\/2"}],"replies":[{"embeddable":true,"href":"https:\/\/hotel-windeck.de\/index.php?rest_route=%2Fwp%2Fv2%2Fcomments&post=1333"}],"version-history":[{"count":0,"href":"https:\/\/hotel-windeck.de\/index.php?rest_route=\/wp\/v2\/pages\/1333\/revisions"}],"up":[{"embeddable":true,"href":"https:\/\/hotel-windeck.de\/index.php?rest_route=\/wp\/v2\/pages\/12"}],"wp:attachment":[{"href":"https:\/\/hotel-windeck.de\/index.php?rest_route=%2Fwp%2Fv2%2Fmedia&parent=1333"}],"curies":[{"name":"wp","href":"https:\/\/api.w.org\/{rel}","templated":true}]}}