{"id":147,"date":"2018-12-25T05:42:43","date_gmt":"2018-12-25T05:42:43","guid":{"rendered":"https:\/\/hotel-windeck.de\/?page_id=147"},"modified":"2026-02-04T16:38:57","modified_gmt":"2026-02-04T15:38:57","slug":"impressum","status":"publish","type":"page","link":"https:\/\/hotel-windeck.de\/?page_id=147","title":{"rendered":"Impressum"},"content":{"rendered":"\t\t<div data-elementor-type=\"wp-post\" data-elementor-id=\"147\" class=\"elementor elementor-147\">\n\t\t\t\t\t\t<section class=\"elementor-section elementor-top-section elementor-element elementor-element-e959339 elementor-section-boxed elementor-section-height-default elementor-section-height-default\" data-id=\"e959339\" data-element_type=\"section\">\n\t\t\t\t\t\t<div class=\"elementor-container elementor-column-gap-default\">\n\t\t\t\t\t<div class=\"elementor-column elementor-col-100 elementor-top-column elementor-element elementor-element-13da6a3\" data-id=\"13da6a3\" data-element_type=\"column\" data-settings=\"{&quot;background_background&quot;:&quot;classic&quot;}\">\n\t\t\t<div class=\"elementor-widget-wrap elementor-element-populated\">\n\t\t\t\t\t\t<div class=\"elementor-element elementor-element-f53f515 elementor-widget elementor-widget-text-editor\" data-id=\"f53f515\" data-element_type=\"widget\" data-widget_type=\"text-editor.default\">\n\t\t\t\t<div class=\"elementor-widget-container\">\n\t\t\t\t\t\t\t\t\t<h3>IMPRESSUM<\/h3>\n<p><strong>Verantwortlich f\u00fcr den Inhalt dieser Website ist:<\/strong><\/p>\n<p>Hotel Restaurant Windeck<br>Inhaber: IMMO-Sieg GmbH<\/p>\n<p>Bogenstra\u00dfe 8<br>57299 Burbach-W\u00fcrgendorf<br>Telefon: 02736\/1640-Restaurant<br>Telefon: 02736\/50260-Hotel<br>Fax: 02736\/57375<br>Email: info@hotel-windeck.de<\/p>\n<p><strong>Programmierung \/ CMS Pflege:<\/strong><\/p>\n<p>agentur f\u00fcr marketing &amp; komm<span style=\"color: #ff0000;\">UNIKAT<\/span>ion<\/p>\n<p>Stephan Heinrich<br>Freier-Grund-Stra\u00dfe 76<br>57299 Burbach Wahlbach<br>Hotline: 0170\/5504600<br><a href=\"http:\/\/www.agentur-heinrich.net\" target=\"_blank\" rel=\"noopener\"><span style=\"color: #808080;\"><strong>www.agentur-heinrich.net<\/strong><\/span><\/a><\/p>\n<div class=\"ce_text block\">\n<h3>Haftungsbeschr\u00e4nkung f\u00fcr eigene Inhalte<\/h3>\n<p>Alle Inhalte unseres Internetauftritts wurden mit Sorgfalt und nach bestem Gewissen erstellt. Eine Gew\u00e4hr f\u00fcr die Aktualit\u00e4t, Vollst\u00e4ndigkeit und Richtigkeit s\u00e4mtlicher Seiten kann jedoch nicht \u00fcbernommen werden. Gem\u00e4\u00df \u00a7 7 Abs. 1 TMG sind wir als Dienstanbieter f\u00fcr eigene Inhalte auf diesen Seiten nach den allgemeinen Gesetzen verantwortlich, nach den \u00a7\u00a7 8 bis 10 TMG jedoch nicht verpflichtet, die \u00fcbermittelten oder gespeicherten fremden Informationen zu \u00fcberwachen. Eine umgehende Entfernung dieser Inhalte erfolgt ab dem Zeitpunkt der Kenntnis einer konkreten Rechtsverletzung und wir haften nicht vor dem Zeitpunkt der Kenntniserlangung.<\/p>\n<\/div>\n<div class=\"ce_text block\">\n<h3>Haftungsbeschr\u00e4nkung f\u00fcr externe Links<\/h3>\n<p>Unsere Webseite enth\u00e4lt sog. \u201eexterne Links\u201c (Verkn\u00fcpfungen zu Webseiten Dritter), auf deren Inhalt wir keinen Einfluss haben und f\u00fcr den wir aus diesem Grund keine Gew\u00e4hr \u00fcbernehmen. F\u00fcr die Inhalte und Richtigkeit der Informationen ist der jeweilige Informationsanbieter der verlinkten Webseite verantwortlich. Als die Verlinkung vorgenommen wurde, waren f\u00fcr uns keine Rechtsverst\u00f6\u00dfe erkennbar. Sollte uns eine Rechtsverletzung bekannt werden, wird der jeweilige Link umgehend von uns entfernt.<\/p>\n<\/div>\n<div class=\"ce_text block\">\n<h3>Urheberrecht<\/h3>\n<p>Die auf dieser Webseite ver\u00f6ffentlichten Inhalte und Werke unterliegen dem deutschen Urheberrecht. Jede Art der Vervielf\u00e4ltigung, Bearbeitung, Verbreitung und jede Art der Verwertung au\u00dferhalb der Grenzen des Urheberrechts bedarf der vorherigen schriftlichen Zustimmung des jeweiligen Urhebers bzw. Autors.<\/p>\n<\/div>\t\t\t\t\t\t\t\t<\/div>\n\t\t\t\t<\/div>\n\t\t\t\t\t<\/div>\n\t\t<\/div>\n\t\t\t\t\t<\/div>\n\t\t<\/section>\n\t\t\t\t<\/div>\n\t\t","protected":false},"excerpt":{"rendered":"<p>IMPRESSUM Verantwortlich f\u00fcr den Inhalt dieser Website ist: Hotel Restaurant WindeckInhaber: IMMO-Sieg GmbH Bogenstra\u00dfe 857299 Burbach-W\u00fcrgendorfTelefon: 02736\/1640-RestaurantTelefon: 02736\/50260-HotelFax: 02736\/57375Email: info@hotel-windeck.de Programmierung \/ CMS Pflege: agentur f\u00fcr marketing &amp; kommUNIKATion Stephan HeinrichFreier-Grund-Stra\u00dfe 7657299 Burbach WahlbachHotline: 0170\/5504600www.agentur-heinrich.net Haftungsbeschr\u00e4nkung f\u00fcr eigene Inhalte Alle Inhalte unseres Internetauftritts wurden mit Sorgfalt und nach bestem Gewissen erstellt. Eine Gew\u00e4hr f\u00fcr die [&hellip;]<\/p>\n","protected":false},"author":1,"featured_media":0,"parent":113,"menu_order":2,"comment_status":"closed","ping_status":"closed","template":"elementor_header_footer","meta":{"footnotes":""},"class_list":["post-147","page","type-page","status-publish","hentry"],"_links":{"self":[{"href":"https:\/\/hotel-windeck.de\/index.php?rest_route=\/wp\/v2\/pages\/147","targetHints":{"allow":["GET"]}}],"collection":[{"href":"https:\/\/hotel-windeck.de\/index.php?rest_route=\/wp\/v2\/pages"}],"about":[{"href":"https:\/\/hotel-windeck.de\/index.php?rest_route=\/wp\/v2\/types\/page"}],"author":[{"embeddable":true,"href":"https:\/\/hotel-windeck.de\/index.php?rest_route=\/wp\/v2\/users\/1"}],"replies":[{"embeddable":true,"href":"https:\/\/hotel-windeck.de\/index.php?rest_route=%2Fwp%2Fv2%2Fcomments&post=147"}],"version-history":[{"count":3,"href":"https:\/\/hotel-windeck.de\/index.php?rest_route=\/wp\/v2\/pages\/147\/revisions"}],"predecessor-version":[{"id":16204,"href":"https:\/\/hotel-windeck.de\/index.php?rest_route=\/wp\/v2\/pages\/147\/revisions\/16204"}],"up":[{"embeddable":true,"href":"https:\/\/hotel-windeck.de\/index.php?rest_route=\/wp\/v2\/pages\/113"}],"wp:attachment":[{"href":"https:\/\/hotel-windeck.de\/index.php?rest_route=%2Fwp%2Fv2%2Fmedia&parent=147"}],"curies":[{"name":"wp","href":"https:\/\/api.w.org\/{rel}","templated":true}]}}