{"id":414,"date":"2019-01-26T10:16:08","date_gmt":"2019-01-26T10:16:08","guid":{"rendered":"https:\/\/hotel-windeck.de\/?page_id=414"},"modified":"2020-09-22T16:23:04","modified_gmt":"2020-09-22T16:23:04","slug":"rothaarsteig","status":"publish","type":"page","link":"https:\/\/hotel-windeck.de\/?page_id=414","title":{"rendered":"Rothaarsteig"},"content":{"rendered":"\t\t<div data-elementor-type=\"wp-post\" data-elementor-id=\"414\" class=\"elementor elementor-414\">\n\t\t\t\t\t\t<section class=\"elementor-section elementor-top-section elementor-element elementor-element-3e35f820 elementor-section-boxed elementor-section-height-default elementor-section-height-default\" data-id=\"3e35f820\" data-element_type=\"section\">\n\t\t\t\t\t\t<div class=\"elementor-container elementor-column-gap-default\">\n\t\t\t\t\t<div class=\"elementor-column elementor-col-100 elementor-top-column elementor-element elementor-element-979a4\" data-id=\"979a4\" data-element_type=\"column\">\n\t\t\t<div class=\"elementor-widget-wrap elementor-element-populated\">\n\t\t\t\t\t\t<div class=\"elementor-element elementor-element-69734d4 elementor-widget elementor-widget-image\" data-id=\"69734d4\" data-element_type=\"widget\" data-widget_type=\"image.default\">\n\t\t\t\t<div class=\"elementor-widget-container\">\n\t\t\t\t\t\t\t\t\t\t\t\t\t\t\t<img fetchpriority=\"high\" decoding=\"async\" width=\"1024\" height=\"682\" src=\"https:\/\/hotel-windeck.de\/wp-content\/uploads\/2018\/12\/HeaderKPK773641-1024x682.jpg\" class=\"attachment-large size-large wp-image-25\" alt=\"\" srcset=\"https:\/\/hotel-windeck.de\/wp-content\/uploads\/2018\/12\/HeaderKPK773641-1024x682.jpg 1024w, https:\/\/hotel-windeck.de\/wp-content\/uploads\/2018\/12\/HeaderKPK773641-300x200.jpg 300w, https:\/\/hotel-windeck.de\/wp-content\/uploads\/2018\/12\/HeaderKPK773641-768x511.jpg 768w, https:\/\/hotel-windeck.de\/wp-content\/uploads\/2018\/12\/HeaderKPK773641.jpg 1920w\" sizes=\"(max-width: 1024px) 100vw, 1024px\" \/>\t\t\t\t\t\t\t\t\t\t\t\t\t\t\t<\/div>\n\t\t\t\t<\/div>\n\t\t\t\t<div class=\"elementor-element elementor-element-2300198c elementor-widget elementor-widget-text-editor\" data-id=\"2300198c\" data-element_type=\"widget\" data-widget_type=\"text-editor.default\">\n\t\t\t\t<div class=\"elementor-widget-container\">\n\t\t\t\t\t\t\t\t\t<p><\/p>\n<p>Nutzen Sie den Rothaarsteig zum Wandern und Spazieren. In unseren Kategorien finden Sie Pauschalangebote und Routenvorschl\u00e4ge. Mit einer l\u00e4nge von 154 km geh\u00f6rt der Rothaarsteig zu den Top Trails of Germany.<\/p>\n<p>\u00a0<\/p>\n<p><\/p>\t\t\t\t\t\t\t\t<\/div>\n\t\t\t\t<\/div>\n\t\t\t\t<div class=\"elementor-element elementor-element-159ac98 elementor-widget elementor-widget-image\" data-id=\"159ac98\" data-element_type=\"widget\" data-widget_type=\"image.default\">\n\t\t\t\t<div class=\"elementor-widget-container\">\n\t\t\t\t\t\t\t\t\t\t\t\t\t\t\t\t<a href=\"https:\/\/www.rothaarsteig.de\/de\/\" target=\"_blank\">\n\t\t\t\t\t\t\t<img decoding=\"async\" src=\"https:\/\/hotel-windeck.de\/wp-content\/uploads\/elementor\/thumbs\/RHS_LOGO_RGB-r8ig501zecfbvtmesfnnqwrkz90s8s7a4a5ikybfvk.jpg\" title=\"RHS_LOGOrot\" alt=\"RHS_LOGOrot\" loading=\"lazy\" \/>\t\t\t\t\t\t\t\t<\/a>\n\t\t\t\t\t\t\t\t\t\t\t\t\t\t\t<\/div>\n\t\t\t\t<\/div>\n\t\t\t\t\t<\/div>\n\t\t<\/div>\n\t\t\t\t\t<\/div>\n\t\t<\/section>\n\t\t\t\t<\/div>\n\t\t","protected":false},"excerpt":{"rendered":"<p>Nutzen Sie den Rothaarsteig zum Wandern und Spazieren. In unseren Kategorien finden Sie Pauschalangebote und Routenvorschl\u00e4ge. Mit einer l\u00e4nge von 154 km geh\u00f6rt der Rothaarsteig zu den Top Trails of Germany. \u00a0<\/p>\n","protected":false},"author":1,"featured_media":25,"parent":0,"menu_order":0,"comment_status":"closed","ping_status":"closed","template":"elementor_header_footer","meta":{"footnotes":""},"class_list":["post-414","page","type-page","status-publish","has-post-thumbnail","hentry"],"_links":{"self":[{"href":"https:\/\/hotel-windeck.de\/index.php?rest_route=\/wp\/v2\/pages\/414","targetHints":{"allow":["GET"]}}],"collection":[{"href":"https:\/\/hotel-windeck.de\/index.php?rest_route=\/wp\/v2\/pages"}],"about":[{"href":"https:\/\/hotel-windeck.de\/index.php?rest_route=\/wp\/v2\/types\/page"}],"author":[{"embeddable":true,"href":"https:\/\/hotel-windeck.de\/index.php?rest_route=\/wp\/v2\/users\/1"}],"replies":[{"embeddable":true,"href":"https:\/\/hotel-windeck.de\/index.php?rest_route=%2Fwp%2Fv2%2Fcomments&post=414"}],"version-history":[{"count":0,"href":"https:\/\/hotel-windeck.de\/index.php?rest_route=\/wp\/v2\/pages\/414\/revisions"}],"wp:featuredmedia":[{"embeddable":true,"href":"https:\/\/hotel-windeck.de\/index.php?rest_route=\/wp\/v2\/media\/25"}],"wp:attachment":[{"href":"https:\/\/hotel-windeck.de\/index.php?rest_route=%2Fwp%2Fv2%2Fmedia&parent=414"}],"curies":[{"name":"wp","href":"https:\/\/api.w.org\/{rel}","templated":true}]}}